{"id":1982,"date":"2020-06-19T07:03:03","date_gmt":"2020-06-19T07:03:03","guid":{"rendered":"https:\/\/smartdata.tonytemplates.com\/bestel\/demo3\/?page_id=1982"},"modified":"2026-04-16T12:49:26","modified_gmt":"2026-04-16T12:49:26","slug":"rezervari","status":"publish","type":"page","link":"https:\/\/glodeanca.ro\/en\/rezervari\/","title":{"rendered":"Reservations"},"content":{"rendered":"\t\t<div data-elementor-type=\"wp-page\" data-elementor-id=\"1982\" class=\"elementor elementor-1982\">\n\t\t\t\t\t\t\t\t\t<section class=\"elementor-section elementor-top-section elementor-element elementor-element-fd19857 elementor-section-stretched elementor-section-full_width elementor-section-height-min-height animated-slow elementor-hidden-tablet elementor-hidden-mobile elementor-section-height-default elementor-section-items-middle elementor-invisible\" data-id=\"fd19857\" data-element_type=\"section\" data-settings=\"{&quot;stretch_section&quot;:&quot;section-stretched&quot;,&quot;background_background&quot;:&quot;classic&quot;,&quot;animation&quot;:&quot;fadeIn&quot;}\">\n\t\t\t\t\t\t\t<div class=\"elementor-background-overlay\"><\/div>\n\t\t\t\t\t\t\t<div class=\"elementor-container elementor-column-gap-no\">\n\t\t\t\t\t<div class=\"elementor-column elementor-col-100 elementor-top-column elementor-element elementor-element-af634be animated-slow elementor-invisible\" data-id=\"af634be\" data-element_type=\"column\" data-settings=\"{&quot;animation&quot;:&quot;fadeIn&quot;}\">\n\t\t\t<div class=\"elementor-widget-wrap elementor-element-populated\">\n\t\t\t\t\t\t\t\t<div class=\"elementor-element elementor-element-b1e8edc animated-slow elementor-invisible elementor-widget elementor-widget-heading\" data-id=\"b1e8edc\" data-element_type=\"widget\" data-settings=\"{&quot;_animation&quot;:&quot;fadeIn&quot;}\" data-widget_type=\"heading.default\">\n\t\t\t\t<div class=\"elementor-widget-container\">\n\t\t\t<style>\/*! elementor - v3.12.2 - 23-04-2023 *\/\n.elementor-heading-title{padding:0;margin:0;line-height:1}.elementor-widget-heading .elementor-heading-title[class*=elementor-size-]>a{color:inherit;font-size:inherit;line-height:inherit}.elementor-widget-heading .elementor-heading-title.elementor-size-small{font-size:15px}.elementor-widget-heading .elementor-heading-title.elementor-size-medium{font-size:19px}.elementor-widget-heading .elementor-heading-title.elementor-size-large{font-size:29px}.elementor-widget-heading .elementor-heading-title.elementor-size-xl{font-size:39px}.elementor-widget-heading .elementor-heading-title.elementor-size-xxl{font-size:59px}<\/style><h1 class=\"elementor-heading-title elementor-size-default\">REZERV\u0102RI<\/h1>\t\t<\/div>\n\t\t\t\t<\/div>\n\t\t\t\t<div class=\"elementor-element elementor-element-ec585be animated-slow elementor-invisible elementor-widget elementor-widget-html\" data-id=\"ec585be\" data-element_type=\"widget\" data-settings=\"{&quot;_animation&quot;:&quot;fadeIn&quot;}\" data-widget_type=\"html.default\">\n\t\t\t\t<div class=\"elementor-widget-container\">\n\t\t\t<div class=\"text-center\">\n    <a href=\"#rezervari-buton-homepage\" class=\"btn btn-primary\">REZERV\u0102 O CAMER\u0102<\/a>\n<\/div>\n\t\t<\/div>\n\t\t\t\t<\/div>\n\t\t\t\t\t<\/div>\n\t\t<\/div>\n\t\t\t\t\t\t\t<\/div>\n\t\t<\/section>\n\t\t\t\t<section class=\"elementor-section elementor-top-section elementor-element elementor-element-7b5a154 elementor-section-stretched elementor-section-full_width elementor-section-height-min-height animated-slow elementor-hidden-desktop elementor-section-height-default elementor-section-items-middle elementor-invisible\" data-id=\"7b5a154\" data-element_type=\"section\" data-settings=\"{&quot;stretch_section&quot;:&quot;section-stretched&quot;,&quot;background_background&quot;:&quot;classic&quot;,&quot;animation&quot;:&quot;fadeIn&quot;}\">\n\t\t\t\t\t\t\t<div class=\"elementor-background-overlay\"><\/div>\n\t\t\t\t\t\t\t<div class=\"elementor-container elementor-column-gap-no\">\n\t\t\t\t\t<div class=\"elementor-column elementor-col-100 elementor-top-column elementor-element elementor-element-d4a17a1 animated-slow elementor-invisible\" data-id=\"d4a17a1\" data-element_type=\"column\" data-settings=\"{&quot;animation&quot;:&quot;fadeIn&quot;}\">\n\t\t\t<div class=\"elementor-widget-wrap elementor-element-populated\">\n\t\t\t\t\t\t\t\t<div class=\"elementor-element elementor-element-d7c082f animated-slow elementor-invisible elementor-widget elementor-widget-heading\" data-id=\"d7c082f\" data-element_type=\"widget\" data-settings=\"{&quot;_animation&quot;:&quot;fadeIn&quot;}\" data-widget_type=\"heading.default\">\n\t\t\t\t<div class=\"elementor-widget-container\">\n\t\t\t<h1 class=\"elementor-heading-title elementor-size-default\">REZERV\u0102RI<\/h1>\t\t<\/div>\n\t\t\t\t<\/div>\n\t\t\t\t<div class=\"elementor-element elementor-element-05f1580 animated-slow elementor-invisible elementor-widget elementor-widget-html\" data-id=\"05f1580\" data-element_type=\"widget\" data-settings=\"{&quot;_animation&quot;:&quot;fadeIn&quot;}\" data-widget_type=\"html.default\">\n\t\t\t\t<div class=\"elementor-widget-container\">\n\t\t\t<div class=\"text-center\">\n    <a href=\"#rezervari-buton-homepage-mobile\" class=\"btn btn-primary\">REZERV\u0102 O CAMER\u0102<\/a>\n<\/div>\n\t\t<\/div>\n\t\t\t\t<\/div>\n\t\t\t\t\t<\/div>\n\t\t<\/div>\n\t\t\t\t\t\t\t<\/div>\n\t\t<\/section>\n\t\t<div class=\"elementor-element elementor-element-f398fdf elementor-hidden-mobile e-con-boxed e-con\" data-id=\"f398fdf\" data-element_type=\"container\" id=\"formular-rezervare\" data-settings=\"{&quot;content_width&quot;:&quot;boxed&quot;}\">\n\t\t\t\t\t<div class=\"e-con-inner\">\n\t\t<div class=\"elementor-element elementor-element-1c921c2 e-con-boxed e-con\" data-id=\"1c921c2\" data-element_type=\"container\" data-settings=\"{&quot;content_width&quot;:&quot;boxed&quot;}\">\n\t\t\t\t\t<div class=\"e-con-inner\">\n\t\t\t\t<div class=\"elementor-element elementor-element-b3ddb02 elementor-widget elementor-widget-text-editor\" data-id=\"b3ddb02\" data-element_type=\"widget\" data-widget_type=\"text-editor.default\">\n\t\t\t\t<div class=\"elementor-widget-container\">\n\t\t\t<style>\/*! elementor - v3.12.2 - 23-04-2023 *\/\n.elementor-widget-text-editor.elementor-drop-cap-view-stacked .elementor-drop-cap{background-color:#69727d;color:#fff}.elementor-widget-text-editor.elementor-drop-cap-view-framed .elementor-drop-cap{color:#69727d;border:3px solid;background-color:transparent}.elementor-widget-text-editor:not(.elementor-drop-cap-view-default) .elementor-drop-cap{margin-top:8px}.elementor-widget-text-editor:not(.elementor-drop-cap-view-default) .elementor-drop-cap-letter{width:1em;height:1em}.elementor-widget-text-editor .elementor-drop-cap{float:left;text-align:center;line-height:1;font-size:50px}.elementor-widget-text-editor .elementor-drop-cap-letter{display:inline-block}<\/style>\t\t\t\t<p>Pentru a rezerva o camer\u0103, v\u0103 rug\u0103m s\u0103 completa\u021bi formularul ata\u0219at mai jos. Dup\u0103 completarea \u0219i trimiterea acestuia, v\u0103 vom contacta telefonic sau prin e-mail \u00een cel mai scurt timp pentru a confirma rezervarea \u0219i pentru a discuta detaliile suplimentare.<\/p>\t\t\t\t\t\t<\/div>\n\t\t\t\t<\/div>\n\t\t\t\t<div class=\"elementor-element elementor-element-eb6d1bd elementor-widget elementor-widget-text-editor\" data-id=\"eb6d1bd\" data-element_type=\"widget\" id=\"rezervari-buton-homepage\" data-widget_type=\"text-editor.default\">\n\t\t\t\t<div class=\"elementor-widget-container\">\n\t\t\t\t\t\t\t<p>Pentru alte informatii v\u0103 st\u0103m cu drag la dispozi\u021bie.<\/p>\t\t\t\t\t\t<\/div>\n\t\t\t\t<\/div>\n\t\t\t\t\t<\/div>\n\t\t\t\t<\/div>\n\t\t<div class=\"elementor-element elementor-element-10496ed e-con-full e-con\" data-id=\"10496ed\" data-element_type=\"container\" data-settings=\"{&quot;content_width&quot;:&quot;full&quot;}\">\n\t\t\t\t<div class=\"elementor-element elementor-element-886fe17 elementor-widget elementor-widget-heading\" data-id=\"886fe17\" data-element_type=\"widget\" data-widget_type=\"heading.default\">\n\t\t\t\t<div class=\"elementor-widget-container\">\n\t\t\t<h5 class=\"elementor-heading-title elementor-size-default\">Tarife de recep\u021bie\n cazare cu mic dejun\n<\/h5>\t\t<\/div>\n\t\t\t\t<\/div>\n\t\t\t\t<div class=\"elementor-element elementor-element-da949f6 elementor-widget elementor-widget-text-editor\" data-id=\"da949f6\" data-element_type=\"widget\" data-widget_type=\"text-editor.default\">\n\t\t\t\t<div class=\"elementor-widget-container\">\n\t\t\t\t\t\t\t<p>Cu excep\u021bia sezonului de var\u0103, loca\u021bia noastr\u0103 se rezerv\u0103 integral, pentru grupuri de minim 14 persoane\/minim 2 nop\u021bi. V\u0103 invit\u0103m s\u0103 ne trimite\u021bi un e-mail pentru oferta personalizat\u0103.<\/p><p><strong>Tarife 1 iulie &#8211; 30 august 2026<\/strong><\/p><p>Cazare cu mic dejun<\/p><p>Camer\u0103 dubl\u0103 f\u0103r\u0103 balcon: <strong>580 RON\/noapte<\/strong><br \/>Camera dubl\u0103\/twin cu balcon: <strong>620 RON\/noapte<\/strong><br \/>Apartament: <strong>730 RON\/noapte \u00a0 (2 persoane)<\/strong><\/p>\t\t\t\t\t\t<\/div>\n\t\t\t\t<\/div>\n\t\t\t\t<\/div>\n\t\t\t\t\t<\/div>\n\t\t\t\t<\/div>\n\t\t<div class=\"elementor-element elementor-element-55926d6 elementor-hidden-desktop elementor-hidden-tablet e-con-boxed e-con\" data-id=\"55926d6\" data-element_type=\"container\" data-settings=\"{&quot;content_width&quot;:&quot;boxed&quot;}\">\n\t\t\t\t\t<div class=\"e-con-inner\">\n\t\t<div class=\"elementor-element elementor-element-30e45e6 e-con-boxed e-con\" data-id=\"30e45e6\" data-element_type=\"container\" data-settings=\"{&quot;content_width&quot;:&quot;boxed&quot;}\">\n\t\t\t\t\t<div class=\"e-con-inner\">\n\t\t\t\t<div class=\"elementor-element elementor-element-eda94d1 elementor-widget elementor-widget-text-editor\" data-id=\"eda94d1\" data-element_type=\"widget\" data-widget_type=\"text-editor.default\">\n\t\t\t\t<div class=\"elementor-widget-container\">\n\t\t\t\t\t\t\t<div class=\"elementor-element elementor-element-b3ddb02 elementor-widget elementor-widget-text-editor\" data-id=\"b3ddb02\" data-element_type=\"widget\" data-widget_type=\"text-editor.default\"><div class=\"elementor-widget-container\"><div class=\"elementor-element elementor-element-b3ddb02 elementor-widget elementor-widget-text-editor\" data-id=\"b3ddb02\" data-element_type=\"widget\" data-widget_type=\"text-editor.default\"><div class=\"elementor-widget-container\"><p>Pentru a rezerva o camer\u0103, v\u0103 rug\u0103m s\u0103 completa\u021bi formularul ata\u0219at mai jos. Dup\u0103 completarea \u0219i trimiterea acestuia, v\u0103 vom contacta telefonic sau prin e-mail \u00een cel mai scurt timp pentru a confirma rezervarea \u0219i pentru a discuta detaliile suplimentare.<\/p><\/div><\/div><\/div><\/div>\t\t\t\t\t\t<\/div>\n\t\t\t\t<\/div>\n\t\t\t\t<div class=\"elementor-element elementor-element-4a304d8 elementor-widget elementor-widget-heading\" data-id=\"4a304d8\" data-element_type=\"widget\" id=\"rezervari-buton-homepage-mobile\" data-widget_type=\"heading.default\">\n\t\t\t\t<div class=\"elementor-widget-container\">\n\t\t\t<h5 class=\"elementor-heading-title elementor-size-default\">Tarife de recep\u021bie pentru cazare                              cu mic dejun<\/h5>\t\t<\/div>\n\t\t\t\t<\/div>\n\t\t\t\t<div class=\"elementor-element elementor-element-ae51be9 elementor-widget elementor-widget-text-editor\" data-id=\"ae51be9\" data-element_type=\"widget\" data-widget_type=\"text-editor.default\">\n\t\t\t\t<div class=\"elementor-widget-container\">\n\t\t\t\t\t\t\t<p>Cu excep\u021bia sezonului de var\u0103, loca\u021bia noastr\u0103 se rezerv\u0103 integral, pentru grupuri de minim 14 persoane\/minim 2 nop\u021bi. V\u0103 invit\u0103m s\u0103 ne trimite\u021bi un e-mail pentru oferta personalizat\u0103.<\/p><p><strong>Tarife 1 iulie &#8211; 30 august 2026<\/strong><\/p><p>Cazare cu mic dejun<\/p><p>Camer\u0103 dubl\u0103 f\u0103r\u0103 balcon: <strong>580 RON\/noapte<\/strong><br \/>Camera dubl\u0103\/twin cu balcon: <strong>620 RON\/noapte<\/strong><br \/>Apartament: <strong>730 RON\/noapte (2 persoane)<\/strong><\/p>\t\t\t\t\t\t<\/div>\n\t\t\t\t<\/div>\n\t\t\t\t\t<\/div>\n\t\t\t\t<\/div>\n\t\t\t\t\t<\/div>\n\t\t\t\t<\/div>\n\t\t<div class=\"elementor-element elementor-element-1f49203 e-con-boxed e-con\" data-id=\"1f49203\" data-element_type=\"container\" data-settings=\"{&quot;content_width&quot;:&quot;boxed&quot;}\">\n\t\t\t\t\t<div class=\"e-con-inner\">\n\t\t<div class=\"elementor-element elementor-element-e217ce6 e-con-full e-con\" data-id=\"e217ce6\" data-element_type=\"container\" data-settings=\"{&quot;content_width&quot;:&quot;full&quot;}\">\n\t\t\t\t<div class=\"elementor-element elementor-element-c5cd59c elementor-hidden-mobile elementor-widget elementor-widget-shortcode\" data-id=\"c5cd59c\" data-element_type=\"widget\" data-widget_type=\"shortcode.default\">\n\t\t\t\t<div class=\"elementor-widget-container\">\n\t\t\t\t\t<div class=\"elementor-shortcode\">\n<div class=\"wpcf7 no-js\" id=\"wpcf7-f166-o1\" lang=\"en-US\" dir=\"ltr\">\n<div class=\"screen-reader-response\"><p role=\"status\" aria-live=\"polite\" aria-atomic=\"true\"><\/p> <ul><\/ul><\/div>\n<form action=\"\/en\/wp-json\/wp\/v2\/pages\/1982#wpcf7-f166-o1\" method=\"post\" class=\"wpcf7-form init\" aria-label=\"Contact form\" novalidate=\"novalidate\" data-status=\"init\">\n<div style=\"display: none;\">\n<input type=\"hidden\" name=\"_wpcf7\" value=\"166\" \/>\n<input type=\"hidden\" name=\"_wpcf7_version\" value=\"5.7.6\" \/>\n<input type=\"hidden\" name=\"_wpcf7_locale\" value=\"en_US\" \/>\n<input type=\"hidden\" name=\"_wpcf7_unit_tag\" value=\"wpcf7-f166-o1\" \/>\n<input type=\"hidden\" name=\"_wpcf7_container_post\" value=\"0\" \/>\n<input type=\"hidden\" name=\"_wpcf7_posted_data_hash\" value=\"\" \/>\n<\/div>\n<div class=\"row\">\n\t<div class=\"col-third\">\n\t\t<p><span class=\"wpcf7-form-control-wrap\" data-name=\"party-size-reservation\"><select class=\"wpcf7-form-control wpcf7-select wpcf7-validates-as-required\" aria-required=\"true\" aria-invalid=\"false\" name=\"party-size-reservation\"><option value=\"1 Persoan\u0103\">1 Persoan\u0103<\/option><option value=\"2 Persoane\">2 Persoane<\/option><option value=\"3 Persoane\">3 Persoane<\/option><option value=\"4 Persoane\">4 Persoane<\/option><option value=\"5 Persoane\">5 Persoane<\/option><option value=\"6 Persoane\">6 Persoane<\/option><option value=\"7 Persoane\">7 Persoane<\/option><option value=\"8 Persoane\">8 Persoane<\/option><option value=\"9 Persoane\">9 Persoane<\/option><option value=\"10 Persoane\">10 Persoane<\/option><option value=\"11 Persoane\">11 Persoane<\/option><option value=\"12 Persoane\">12 Persoane<\/option><option value=\"13 Persoane\">13 Persoane<\/option><option value=\"14 Persoane\">14 Persoane<\/option><option value=\"15 Persoane\">15 Persoane<\/option><option value=\"16 Persoane\">16 Persoane<\/option><option value=\"17 Persoane\">17 Persoane<\/option><option value=\"18 Persoane\">18 Persoane<\/option><option value=\"19 Persoane\">19 Persoane<\/option><option value=\"20 Persoane\">20 Persoane<\/option><option value=\"21 Persoane\">21 Persoane<\/option><option value=\"22 Persoane\">22 Persoane<\/option><\/select><\/span>\n\t\t<\/p>\n\t<\/div>\n\t<div class=\"col-third\">\n\t\t<p><span class=\"wpcf7-form-control-wrap\" data-name=\"date-reservation\"><input class=\"wpcf7-form-control wpcf7-date wpcf7-validates-as-required wpcf7-validates-as-date\" min=\"2023-05-25\" max=\"2030-12-31\" aria-required=\"true\" aria-invalid=\"false\" value=\"2026-04-18\" type=\"date\" name=\"date-reservation\" \/><\/span>\n\t\t<\/p>\n\t<\/div>\n\t<div class=\"col-third\">\n\t\t<p><span class=\"wpcf7-form-control-wrap\" data-name=\"date-385\"><input class=\"wpcf7-form-control wpcf7-date wpcf7-validates-as-required wpcf7-validates-as-date\" min=\"2023-05-26\" max=\"2030-12-31\" aria-required=\"true\" aria-invalid=\"false\" value=\"2026-04-19\" type=\"date\" name=\"date-385\" \/><\/span>\n\t\t<\/p>\n\t<\/div>\n<\/div>\n<div class=\"row\">\n\t<div class=\"col-full\">\n\t\t<p><span class=\"wpcf7-form-control-wrap\" data-name=\"text-160\"><input size=\"40\" class=\"wpcf7-form-control wpcf7-text wpcf7-validates-as-required\" aria-required=\"true\" aria-invalid=\"false\" placeholder=\"Nume\" value=\"\" type=\"text\" name=\"text-160\" \/><\/span>\n\t\t<\/p>\n\t<\/div>\n\t<div class=\"col-full\">\n\t\t<p><span class=\"wpcf7-form-control-wrap\" data-name=\"email-324\"><input size=\"40\" class=\"wpcf7-form-control wpcf7-text wpcf7-email wpcf7-validates-as-required wpcf7-validates-as-email\" aria-required=\"true\" aria-invalid=\"false\" placeholder=\"Email\" value=\"\" type=\"email\" name=\"email-324\" \/><\/span>\n\t\t<\/p>\n\t<\/div>\n\t<div class=\"col-full\">\n\t\t<p><span class=\"wpcf7-form-control-wrap\" data-name=\"tel-364\"><input size=\"40\" class=\"wpcf7-form-control wpcf7-text wpcf7-tel wpcf7-validates-as-required wpcf7-validates-as-tel\" aria-required=\"true\" aria-invalid=\"false\" placeholder=\"Telefon\" value=\"\" type=\"tel\" name=\"tel-364\" \/><\/span>\n\t\t<\/p>\n\t<\/div>\n\t<div class=\"col-full\">\n\t\t<p><span class=\"wpcf7-form-control-wrap\" data-name=\"Camera\"><select class=\"wpcf7-form-control wpcf7-select wpcf7-validates-as-required\" aria-required=\"true\" aria-invalid=\"false\" name=\"Camera\"><option value=\"Camer\u0103 Twin cu balcon\">Camer\u0103 Twin cu balcon<\/option><option value=\"Camer\u0103 Dubl\u0103 cu balcon\">Camer\u0103 Dubl\u0103 cu balcon<\/option><option value=\"Camer\u0103 Dubla f\u0103r\u0103 balcon\">Camer\u0103 Dubla f\u0103r\u0103 balcon<\/option><option value=\"Apartament\">Apartament<\/option><\/select><\/span>\n\t\t<\/p>\n\t<\/div>\n\t<div class=\"col-full\">\n\t\t<p><span class=\"wpcf7-form-control-wrap\" data-name=\"textarea-50\"><textarea cols=\"40\" rows=\"10\" class=\"wpcf7-form-control wpcf7-textarea\" aria-invalid=\"false\" placeholder=\"Detalii\" name=\"textarea-50\"><\/textarea><\/span>\n\t\t<\/p>\n\t<\/div>\n<\/div>\n<div class=\"mt-3 text-center\">\n\t<p><button type=\"submit\" class=\"btn btn-primary  wpcf7-submit \">REZERV\u0102<\/button>\n\t<\/p>\n<\/div><div class=\"wpcf7-response-output\" aria-hidden=\"true\"><\/div>\n<\/form>\n<\/div>\n<\/div>\n\t\t\t\t<\/div>\n\t\t\t\t<\/div>\n\t\t\t\t<div class=\"elementor-element elementor-element-1cbaf67 elementor-hidden-desktop elementor-hidden-tablet elementor-widget elementor-widget-shortcode\" data-id=\"1cbaf67\" data-element_type=\"widget\" data-widget_type=\"shortcode.default\">\n\t\t\t\t<div class=\"elementor-widget-container\">\n\t\t\t\t\t<div class=\"elementor-shortcode\">\n<div class=\"wpcf7 no-js\" id=\"wpcf7-f3437-o2\" lang=\"en-US\" dir=\"ltr\">\n<div class=\"screen-reader-response\"><p role=\"status\" aria-live=\"polite\" aria-atomic=\"true\"><\/p> <ul><\/ul><\/div>\n<form action=\"\/en\/wp-json\/wp\/v2\/pages\/1982#wpcf7-f3437-o2\" method=\"post\" class=\"wpcf7-form init\" aria-label=\"Contact form\" novalidate=\"novalidate\" data-status=\"init\">\n<div style=\"display: none;\">\n<input type=\"hidden\" name=\"_wpcf7\" value=\"3437\" \/>\n<input type=\"hidden\" name=\"_wpcf7_version\" value=\"5.7.6\" \/>\n<input type=\"hidden\" name=\"_wpcf7_locale\" value=\"en_US\" \/>\n<input type=\"hidden\" name=\"_wpcf7_unit_tag\" value=\"wpcf7-f3437-o2\" \/>\n<input type=\"hidden\" name=\"_wpcf7_container_post\" value=\"0\" \/>\n<input type=\"hidden\" name=\"_wpcf7_posted_data_hash\" value=\"\" \/>\n<\/div>\n<div class=\"row-form-mobile text-center\">\n\t<div class=\"col-half \">\n\t\t<p><span class=\"wpcf7-form-control-wrap\" data-name=\"date-853\"><input class=\"wpcf7-form-control wpcf7-date wpcf7-validates-as-required wpcf7-validates-as-date\" min=\"2023-05-25\" max=\"2030-12-31\" aria-required=\"true\" aria-invalid=\"false\" value=\"2026-04-18\" type=\"date\" name=\"date-853\" \/><\/span>\n\t\t<\/p>\n\t<\/div>\n\t<div class=\"col-half \">\n\t\t<p><span class=\"wpcf7-form-control-wrap\" data-name=\"date-175\"><input class=\"wpcf7-form-control wpcf7-date wpcf7-validates-as-required wpcf7-validates-as-date\" min=\"2023-05-25\" max=\"2030-12-25\" aria-required=\"true\" aria-invalid=\"false\" value=\"2026-04-19\" type=\"date\" name=\"date-175\" \/><\/span>\n\t\t<\/p>\n\t<\/div>\n<\/div>\n<div>\n\t<div class=\"col-full\">\n\t\t<p><span class=\"wpcf7-form-control-wrap\" data-name=\"party-size-reservation\"><select class=\"wpcf7-form-control wpcf7-select wpcf7-validates-as-required\" aria-required=\"true\" aria-invalid=\"false\" name=\"party-size-reservation\"><option value=\"1 Persoan\u0103\">1 Persoan\u0103<\/option><option value=\"2 Persoane\">2 Persoane<\/option><option value=\"3 Persoane\">3 Persoane<\/option><option value=\"4 Persoane\">4 Persoane<\/option><option value=\"5 Persoane\">5 Persoane<\/option><option value=\"6 Persoane\">6 Persoane<\/option><option value=\"7 Persoane\">7 Persoane<\/option><option value=\"8 Persoane\">8 Persoane<\/option><option value=\"9 Persoane\">9 Persoane<\/option><option value=\"10 Persoane\">10 Persoane<\/option><option value=\"11 Persoane\">11 Persoane<\/option><option value=\"12 Persoane\">12 Persoane<\/option><option value=\"13 Persoane\">13 Persoane<\/option><option value=\"14 Persoane\">14 Persoane<\/option><option value=\"15 Persoane\">15 Persoane<\/option><option value=\"16 Persoane\">16 Persoane<\/option><option value=\"17 Persoane\">17 Persoane<\/option><option value=\"18 Persoane\">18 Persoane<\/option><option value=\"19 Persoane\">19 Persoane<\/option><option value=\"20 Persoane\">20 Persoane<\/option><option value=\"21 Persoane\">21 Persoane<\/option><option value=\"22 Persoane\">22 Persoane<\/option><\/select><\/span>\n\t\t<\/p>\n\t<\/div>\n\t<div class=\"col-full\">\n\t\t<p><span class=\"wpcf7-form-control-wrap\" data-name=\"text-160\"><input size=\"40\" class=\"wpcf7-form-control wpcf7-text wpcf7-validates-as-required\" aria-required=\"true\" aria-invalid=\"false\" placeholder=\"Nume\" value=\"\" type=\"text\" name=\"text-160\" \/><\/span>\n\t\t<\/p>\n\t<\/div>\n\t<div class=\"col-full\">\n\t\t<p><span class=\"wpcf7-form-control-wrap\" data-name=\"email-324\"><input size=\"40\" class=\"wpcf7-form-control wpcf7-text wpcf7-email wpcf7-validates-as-required wpcf7-validates-as-email\" aria-required=\"true\" aria-invalid=\"false\" placeholder=\"Email\" value=\"\" type=\"email\" name=\"email-324\" \/><\/span>\n\t\t<\/p>\n\t<\/div>\n\t<div class=\"col-full\">\n\t\t<p><span class=\"wpcf7-form-control-wrap\" data-name=\"tel-364\"><input size=\"40\" class=\"wpcf7-form-control wpcf7-text wpcf7-tel wpcf7-validates-as-required wpcf7-validates-as-tel\" aria-required=\"true\" aria-invalid=\"false\" placeholder=\"Telefon\" value=\"\" type=\"tel\" name=\"tel-364\" \/><\/span>\n\t\t<\/p>\n\t<\/div>\n\t<div class=\"col-full\">\n\t\t<p><span class=\"wpcf7-form-control-wrap\" data-name=\"Camera\"><select class=\"wpcf7-form-control wpcf7-select wpcf7-validates-as-required\" aria-required=\"true\" aria-invalid=\"false\" name=\"Camera\"><option value=\"Camer\u0103 Twin cu balcon\">Camer\u0103 Twin cu balcon<\/option><option value=\"Camer\u0103 Dubl\u0103 cu balcon\">Camer\u0103 Dubl\u0103 cu balcon<\/option><option value=\"Camer\u0103 Dubla f\u0103r\u0103 balcon\">Camer\u0103 Dubla f\u0103r\u0103 balcon<\/option><option value=\"Apartament\">Apartament<\/option><\/select><\/span>\n\t\t<\/p>\n\t<\/div>\n\t<div class=\"col-full\">\n\t\t<p><span class=\"wpcf7-form-control-wrap\" data-name=\"textarea-50\"><textarea cols=\"40\" rows=\"10\" class=\"wpcf7-form-control wpcf7-textarea\" aria-invalid=\"false\" placeholder=\"Detalii\" name=\"textarea-50\"><\/textarea><\/span>\n\t\t<\/p>\n\t<\/div>\n<\/div>\n<div class=\"mt-3 text-center\">\n\t<p><button type=\"submit\" class=\"btn btn-primary  wpcf7-submit \">REZERV\u0102<\/button>\n\t<\/p>\n<\/div><div class=\"wpcf7-response-output\" aria-hidden=\"true\"><\/div>\n<\/form>\n<\/div>\n<\/div>\n\t\t\t\t<\/div>\n\t\t\t\t<\/div>\n\t\t\t\t<\/div>\n\t\t\t\t\t<\/div>\n\t\t\t\t<\/div>\n\t\t\t\t\t\t\t<\/div>\n\t\t","protected":false},"excerpt":{"rendered":"<p>REZERV\u0102RI REZERV\u0102 O CAMER\u0102 REZERV\u0102RI REZERV\u0102 O CAMER\u0102 Pentru a rezerva o camer\u0103, v\u0103 rug\u0103m s\u0103 completa\u021bi formularul ata\u0219at mai jos. Dup\u0103 completarea \u0219i trimiterea acestuia, v\u0103 vom contacta telefonic sau prin e-mail \u00een cel mai scurt timp pentru a confirma rezervarea \u0219i pentru a discuta detaliile suplimentare. Pentru alte informatii v\u0103 st\u0103m cu drag<\/p>","protected":false},"author":1,"featured_media":0,"parent":0,"menu_order":0,"comment_status":"closed","ping_status":"closed","template":"","meta":{"footnotes":""},"class_list":["post-1982","page","type-page","status-publish","hentry"],"_links":{"self":[{"href":"https:\/\/glodeanca.ro\/en\/wp-json\/wp\/v2\/pages\/1982","targetHints":{"allow":["GET"]}}],"collection":[{"href":"https:\/\/glodeanca.ro\/en\/wp-json\/wp\/v2\/pages"}],"about":[{"href":"https:\/\/glodeanca.ro\/en\/wp-json\/wp\/v2\/types\/page"}],"author":[{"embeddable":true,"href":"https:\/\/glodeanca.ro\/en\/wp-json\/wp\/v2\/users\/1"}],"replies":[{"embeddable":true,"href":"https:\/\/glodeanca.ro\/en\/wp-json\/wp\/v2\/comments?post=1982"}],"version-history":[{"count":180,"href":"https:\/\/glodeanca.ro\/en\/wp-json\/wp\/v2\/pages\/1982\/revisions"}],"predecessor-version":[{"id":8435,"href":"https:\/\/glodeanca.ro\/en\/wp-json\/wp\/v2\/pages\/1982\/revisions\/8435"}],"wp:attachment":[{"href":"https:\/\/glodeanca.ro\/en\/wp-json\/wp\/v2\/media?parent=1982"}],"curies":[{"name":"wp","href":"https:\/\/api.w.org\/{rel}","templated":true}]}}