{"id":7206,"date":"2023-06-29T08:21:57","date_gmt":"2023-06-29T08:21:57","guid":{"rendered":"https:\/\/glodeanca.ro\/?page_id=7206"},"modified":"2023-06-30T08:56:21","modified_gmt":"2023-06-30T08:56:21","slug":"politica-de-confidentialitate","status":"publish","type":"page","link":"https:\/\/glodeanca.ro\/en\/politica-de-confidentialitate\/","title":{"rendered":"Politica de confiden\u021bialitate"},"content":{"rendered":"\t\t<div data-elementor-type=\"wp-page\" data-elementor-id=\"7206\" class=\"elementor elementor-7206\">\n\t\t\t\t\t\t\t<div class=\"elementor-element elementor-element-ca595e5 e-con-boxed e-con\" data-id=\"ca595e5\" data-element_type=\"container\" data-settings=\"{&quot;content_width&quot;:&quot;boxed&quot;}\">\n\t\t\t\t\t<div class=\"e-con-inner\">\n\t\t\t\t<div class=\"elementor-element elementor-element-c13830f elementor-widget elementor-widget-heading\" data-id=\"c13830f\" data-element_type=\"widget\" data-widget_type=\"heading.default\">\n\t\t\t\t<div class=\"elementor-widget-container\">\n\t\t\t<style>\/*! elementor - v3.12.2 - 23-04-2023 *\/\n.elementor-heading-title{padding:0;margin:0;line-height:1}.elementor-widget-heading .elementor-heading-title[class*=elementor-size-]>a{color:inherit;font-size:inherit;line-height:inherit}.elementor-widget-heading .elementor-heading-title.elementor-size-small{font-size:15px}.elementor-widget-heading .elementor-heading-title.elementor-size-medium{font-size:19px}.elementor-widget-heading .elementor-heading-title.elementor-size-large{font-size:29px}.elementor-widget-heading .elementor-heading-title.elementor-size-xl{font-size:39px}.elementor-widget-heading .elementor-heading-title.elementor-size-xxl{font-size:59px}<\/style><h2 class=\"elementor-heading-title elementor-size-large\">Politica de confiden\u021bialitate a site-ul Glodeanca.ro<\/h2>\t\t<\/div>\n\t\t\t\t<\/div>\n\t\t\t\t<div class=\"elementor-element elementor-element-d570cea elementor-widget elementor-widget-text-editor\" data-id=\"d570cea\" data-element_type=\"widget\" data-widget_type=\"text-editor.default\">\n\t\t\t\t<div class=\"elementor-widget-container\">\n\t\t\t<style>\/*! elementor - v3.12.2 - 23-04-2023 *\/\n.elementor-widget-text-editor.elementor-drop-cap-view-stacked .elementor-drop-cap{background-color:#69727d;color:#fff}.elementor-widget-text-editor.elementor-drop-cap-view-framed .elementor-drop-cap{color:#69727d;border:3px solid;background-color:transparent}.elementor-widget-text-editor:not(.elementor-drop-cap-view-default) .elementor-drop-cap{margin-top:8px}.elementor-widget-text-editor:not(.elementor-drop-cap-view-default) .elementor-drop-cap-letter{width:1em;height:1em}.elementor-widget-text-editor .elementor-drop-cap{float:left;text-align:center;line-height:1;font-size:50px}.elementor-widget-text-editor .elementor-drop-cap-letter{display:inline-block}<\/style>\t\t\t\t<p>\u00a0<\/p><p>Ultima actualizare: 30.05.2023<\/p><p>V\u0103 rug\u0103m s\u0103 citi\u021bi cu aten\u021bie ace\u0219ti termeni \u0219i condi\u021bii \u00eenainte de a utiliza site-ul Glodeanca.ro, de\u021binut \u0219i operat de firma GLODEANCA SRL. Accesul \u0219i utilizarea acestui site implic\u0103 acceptarea deplin\u0103 \u0219i necondi\u021bionat\u0103 a acestor termeni \u0219i condi\u021bii. Dac\u0103 nu sunte\u021bi de acord cu ace\u0219ti termeni \u0219i condi\u021bii, v\u0103 rug\u0103m s\u0103 nu utiliza\u021bi acest site.<\/p><ol><li><p>Drepturi de proprietate intelectual\u0103: a. Toate drepturile de proprietate intelectual\u0103 asupra con\u021binutului \u0219i designului acestui site, inclusiv, dar f\u0103r\u0103 a se limita la texte, grafic\u0103, logo-uri, imagini, clipuri audio \u0219i video, apar\u021bin GLODEANCA SRL sau sunt utilizate \u00een conformitate cu licen\u021bele de\u021binute de noi. b. Utilizatorilor li se acord\u0103 o licen\u021b\u0103 limitat\u0103, non-exclusiv\u0103 \u0219i nerambursabil\u0103 pentru a accesa \u0219i utiliza con\u021binutul acestui site \u00een scop personal \u0219i nelucrativ. Orice alt\u0103 utilizare a con\u021binutului acestui site este strict interzis\u0103 f\u0103r\u0103 acordul scris prealabil al GLODEANCA SRL.<\/p><\/li><li><p>Utilizarea site-ului: a. Utilizarea acestui site este destinat\u0103 exclusiv scopurilor legale \u0219i \u00een conformitate cu ace\u0219ti termeni \u0219i condi\u021bii. b. Nu sunte\u021bi autorizat s\u0103 utiliza\u021bi acest site \u00eentr-un mod care ar putea provoca daune, interferen\u021be sau perturb\u0103ri ale func\u021bion\u0103rii normale a site-ului sau ale serviciilor conexe. c. Este interzis\u0103 utilizarea site-ului \u00een scopuri frauduloase sau ilegale.<\/p><\/li><li><p>Confiden\u021bialitatea datelor: a. Prin utilizarea acestui site, sunte\u021bi de acord cu politica noastr\u0103 de confiden\u021bialitate \u0219i prelucrare a datelor. V\u0103 rug\u0103m s\u0103 consulta\u021bi politica de confiden\u021bialitate disponibil\u0103 pe site pentru a \u00een\u021belege cum colect\u0103m, utiliz\u0103m \u0219i protej\u0103m datele dumneavoastr\u0103 personale.<\/p><\/li><li><p>Responsabilitatea utilizatorului: a. Utilizarea acestui site se face pe propriul risc. GLODEANCA SRL nu \u00ee\u0219i asum\u0103 responsabilitatea pentru eventualele daune sau pierderi suferite \u00een urma utiliz\u0103rii acestui site. b. Sunte\u021bi responsabil de p\u0103strarea \u00een siguran\u021b\u0103 a datelor dumneavoastr\u0103 de autentificare (dac\u0103 exist\u0103) \u0219i sunte\u021bi de acord s\u0103 nu dezv\u0103lui\u021bi aceste date ter\u021bilor.<\/p><\/li><li><p>Leg\u0103turi c\u0103tre site-uri ter\u021be: a. Acest site poate con\u021bine leg\u0103turi c\u0103tre alte site-uri web de\u021binute \u0219i operate de ter\u021be p\u0103r\u021bi. GLODEANCA SRL nu \u00ee\u0219i asum\u0103 responsabilitatea pentru con\u021binutul sau politica de confiden\u021bialitate a acestor site-uri \u0219i nu le sus\u021bine sau le recomand\u0103 \u00een niciun fel.<\/p><\/li><li><p>Modific\u0103ri ale termenilor \u0219i condi\u021biilor: a. GLODEANCA SRL \u00ee\u0219i rezerv\u0103 dreptul de a modifica \u00een orice moment ace\u0219ti termeni \u0219i condi\u021bii. Orice modificare va fi publicat\u0103 pe acest site \u0219i va intra \u00een vigoare imediat dup\u0103 publicare. Utilizarea continu\u0103 a site-ului dup\u0103 modific\u0103ri reprezint\u0103 acceptarea dumneavoastr\u0103 a noilor termeni \u0219i condi\u021bii.<\/p><\/li><li><p>Contact: a. Dac\u0103 ave\u021bi \u00eentreb\u0103ri, nel\u0103muriri sau feedback cu privire la ace\u0219ti termeni \u0219i condi\u021bii, v\u0103 rug\u0103m s\u0103 ne contacta\u021bi prin intermediul informa\u021biilor de contact furnizate pe site-ul Glodeanca.ro.<\/p><\/li><\/ol><p>V\u0103 mul\u021bumim pentru utilizarea site-ului Glodeanca.ro<\/p>\t\t\t\t\t\t<\/div>\n\t\t\t\t<\/div>\n\t\t\t\t\t<\/div>\n\t\t\t\t<\/div>\n\t\t\t\t\t\t\t<\/div>\n\t\t","protected":false},"excerpt":{"rendered":"<p>Politica de confiden\u021bialitate a site-ul Glodeanca.ro \u00a0 Ultima actualizare: 30.05.2023 V\u0103 rug\u0103m s\u0103 citi\u021bi cu aten\u021bie ace\u0219ti termeni \u0219i condi\u021bii \u00eenainte de a utiliza site-ul Glodeanca.ro, de\u021binut \u0219i operat de firma GLODEANCA SRL. Accesul \u0219i utilizarea acestui site implic\u0103 acceptarea deplin\u0103 \u0219i necondi\u021bionat\u0103 a acestor termeni \u0219i condi\u021bii. Dac\u0103 nu sunte\u021bi de acord cu ace\u0219ti<\/p>","protected":false},"author":1,"featured_media":0,"parent":0,"menu_order":0,"comment_status":"closed","ping_status":"closed","template":"","meta":{"footnotes":""},"class_list":["post-7206","page","type-page","status-publish","hentry"],"_links":{"self":[{"href":"https:\/\/glodeanca.ro\/en\/wp-json\/wp\/v2\/pages\/7206","targetHints":{"allow":["GET"]}}],"collection":[{"href":"https:\/\/glodeanca.ro\/en\/wp-json\/wp\/v2\/pages"}],"about":[{"href":"https:\/\/glodeanca.ro\/en\/wp-json\/wp\/v2\/types\/page"}],"author":[{"embeddable":true,"href":"https:\/\/glodeanca.ro\/en\/wp-json\/wp\/v2\/users\/1"}],"replies":[{"embeddable":true,"href":"https:\/\/glodeanca.ro\/en\/wp-json\/wp\/v2\/comments?post=7206"}],"version-history":[{"count":0,"href":"https:\/\/glodeanca.ro\/en\/wp-json\/wp\/v2\/pages\/7206\/revisions"}],"wp:attachment":[{"href":"https:\/\/glodeanca.ro\/en\/wp-json\/wp\/v2\/media?parent=7206"}],"curies":[{"name":"wp","href":"https:\/\/api.w.org\/{rel}","templated":true}]}}